{"id":102,"date":"2024-09-03T11:25:16","date_gmt":"2024-09-03T11:25:16","guid":{"rendered":"https:\/\/fkk.x-ad.info\/?page_id=102"},"modified":"2024-09-16T11:05:47","modified_gmt":"2024-09-16T11:05:47","slug":"historie-2","status":"publish","type":"page","link":"https:\/\/www.kunstverein-hilzingen.de\/?page_id=102","title":{"rendered":"Historie"},"content":{"rendered":"<p>[et_pb_section fb_built=&#8220;1&#8243; admin_label=&#8220;Header&#8220; _builder_version=&#8220;4.16&#8243; background_image=&#8220;https:\/\/www.kunstverein-hilzingen.de\/wp-content\/uploads\/2024\/09\/art-gallery-55.jpg&#8220; background_size=&#8220;initial&#8220; background_repeat=&#8220;repeat&#8220; global_colors_info=&#8220;{}&#8220;][et_pb_row custom_padding_last_edited=&#8220;off|phone&#8220; _builder_version=&#8220;4.16&#8243; background_position=&#8220;bottom_center&#8220; custom_padding_tablet=&#8220;17vw||17vw||false&#8220; use_custom_width=&#8220;on&#8220; width_unit=&#8220;off&#8220; custom_width_percent=&#8220;100%&#8220; locked=&#8220;off&#8220; global_colors_info=&#8220;{}&#8220;][et_pb_column type=&#8220;4_4&#8243; _builder_version=&#8220;4.16&#8243; custom_padding=&#8220;|||&#8220; global_colors_info=&#8220;{}&#8220; custom_padding__hover=&#8220;|||&#8220;][et_pb_text _builder_version=&#8220;4.27.0&#8243; text_font=&#8220;||||||||&#8220; header_font=&#8220;||||||||&#8220; header_2_font=&#8220;Prata|500|||||||&#8220; header_2_text_align=&#8220;left&#8220; header_2_font_size=&#8220;56px&#8220; header_2_line_height=&#8220;1.3em&#8220; transform_translate_linked=&#8220;off&#8220; max_width=&#8220;100%&#8220; max_width_tablet=&#8220;70%&#8220; max_width_last_edited=&#8220;off|phone&#8220; hover_enabled=&#8220;0&#8243; header_2_font_size_tablet=&#8220;40px&#8220; header_2_font_size_phone=&#8220;38px&#8220; header_2_font_size_last_edited=&#8220;on|desktop&#8220; global_colors_info=&#8220;{}&#8220; sticky_enabled=&#8220;0&#8243;]<\/p>\n<h2>Historie<\/h2>\n<p>[\/et_pb_text][\/et_pb_column][\/et_pb_row][et_pb_row _builder_version=&#8220;4.16&#8243; global_colors_info=&#8220;{}&#8220;][et_pb_column type=&#8220;4_4&#8243; _builder_version=&#8220;4.16&#8243; custom_padding=&#8220;|||&#8220; global_colors_info=&#8220;{}&#8220; custom_padding__hover=&#8220;|||&#8220;][et_pb_text _builder_version=&#8220;4.27.0&#8243; text_font=&#8220;||||||||&#8220; header_font=&#8220;||||||||&#8220; max_width=&#8220;700px&#8220; module_alignment=&#8220;center&#8220; animation_style=&#8220;fade&#8220; global_colors_info=&#8220;{}&#8220;]<\/p>\n<p>In Jahre 1985 beschlossen kunstinteressierte B\u00fcrger um den Mentor der ersten Hilzinger Kunstausstellungen, Paul G\u00f6nner, einen Verein zu gr\u00fcnden, der sich der Kunstf\u00f6rderung im Allgemeinen verschrieben hat, insbesondere aber auch der F\u00f6rderung der gro\u00dfen Hilzinger Kunstausstellung, die alle zwei Jahre stattfindet.<\/p>\n<p>So wurde der \u201eF\u00f6rderkreis Kunst &amp; Kultur Hilzingen eV. am 29. Mai 1985 offiziell ins Vereinsregister eingetragen. Der erste Vorsitzende war Paul G\u00f6nner, der jahrelang f\u00fcr die k\u00fcnstlerische Qualit\u00e4t der Hilzinger Ausstellungen b\u00fcrgte. Erste Gesch\u00e4ftsf\u00fchrerin des Vereins war Brigitte Kaufmann.<\/p>\n<p>In Laufe der Zeit konnten neben den auch \u00fcberregional bekannten und gesch\u00e4tzten Ausstellungen, auch eine Vielzahl von anderen kulturellen T\u00e4tigkeiten unterst\u00fctzt, gef\u00f6rdert und durchgef\u00fchrt werden. Mancher junge K\u00fcnstler konnte die von unserem Verein zu Verf\u00fcgung gestellte Plattform nutzen um sich oder sein k\u00fcnstlerisches Anliegen einer breiten \u00d6ffentlichkeit zu pr\u00e4sentieren.<\/p>\n<p>[\/et_pb_text][\/et_pb_column][\/et_pb_row][\/et_pb_section][et_pb_section fb_built=&#8220;1&#8243; admin_label=&#8220;About&#8220; _builder_version=&#8220;4.16&#8243; background_image=&#8220;https:\/\/www.kunstverein-hilzingen.de\/wp-content\/uploads\/2024\/09\/art-gallery-55.jpg&#8220; background_size=&#8220;initial&#8220; background_repeat=&#8220;repeat&#8220; custom_padding=&#8220;3px|||||&#8220; global_colors_info=&#8220;{}&#8220;][et_pb_row column_structure=&#8220;2_5,3_5&#8243; _builder_version=&#8220;4.27.0&#8243; max_width=&#8220;1280px&#8220; animation_style=&#8220;flip&#8220; global_colors_info=&#8220;{}&#8220;][et_pb_column type=&#8220;2_5&#8243; _builder_version=&#8220;4.16&#8243; custom_padding=&#8220;|||&#8220; global_colors_info=&#8220;{}&#8220; custom_padding__hover=&#8220;|||&#8220;][et_pb_image src=&#8220;https:\/\/www.kunstverein-hilzingen.de\/wp-content\/uploads\/2024\/09\/Historie_web3.jpg&#8220; title_text=&#8220;Historie_web3&#8243; url=&#8220;https:\/\/www.kunstverein-hilzingen.de\/wp-content\/uploads\/2024\/09\/Historie_Big-1.pdf&#8220; url_new_window=&#8220;on&#8220; _builder_version=&#8220;4.27.0&#8243; background_image=&#8220;https:\/\/www.kunstverein-hilzingen.de\/wp-content\/uploads\/2024\/09\/art-gallery-56.png&#8220; background_size=&#8220;initial&#8220; background_position=&#8220;bottom_left&#8220; max_width_tablet=&#8220;560px&#8220; max_width_last_edited=&#8220;off|tablet&#8220; module_alignment=&#8220;right&#8220; custom_margin=&#8220;|-200px||&#8220; custom_margin_tablet=&#8220;|0px||&#8220; custom_margin_phone=&#8220;&#8220; custom_margin_last_edited=&#8220;on|tablet&#8220; custom_padding=&#8220;||40px|78px||&#8220; custom_padding_tablet=&#8220;40px|30px|0px|0px&#8220; custom_padding_phone=&#8220;&#8220; custom_padding_last_edited=&#8220;on|tablet&#8220; background_last_edited=&#8220;on|desktop&#8220; background_position_tablet=&#8220;top_right&#8220; box_shadow_style=&#8220;preset3&#8243; box_shadow_vertical=&#8220;20px&#8220; box_shadow_blur=&#8220;80px&#8220; box_shadow_spread=&#8220;0px&#8220; box_shadow_color=&#8220;rgba(67,58,122,0.2)&#8220; global_colors_info=&#8220;{}&#8220;][\/et_pb_image][\/et_pb_column][et_pb_column type=&#8220;3_5&#8243; _builder_version=&#8220;4.16&#8243; custom_padding=&#8220;|||&#8220; global_colors_info=&#8220;{}&#8220; custom_padding__hover=&#8220;|||&#8220;][et_pb_text _builder_version=&#8220;4.27.0&#8243; text_font=&#8220;||||||||&#8220; header_font=&#8220;|700|||||||&#8220; header_font_size=&#8220;20px&#8220; header_line_height=&#8220;1.3em&#8220; header_3_font=&#8220;|700|||||||&#8220; header_3_font_size=&#8220;20px&#8220; header_3_line_height=&#8220;1.3em&#8220; background_color=&#8220;#ffffff&#8220; custom_margin=&#8220;150px||&#8220; custom_margin_tablet=&#8220;0px|||&#8220; custom_margin_phone=&#8220;&#8220; custom_margin_last_edited=&#8220;on|tablet&#8220; custom_padding=&#8220;40px|40px|40px|40px|true|true&#8220; header_font_size_tablet=&#8220;&#8220; header_font_size_phone=&#8220;&#8220; header_font_size_last_edited=&#8220;on|desktop&#8220; box_shadow_style=&#8220;preset3&#8243; box_shadow_horizontal=&#8220;-70px&#8220; box_shadow_vertical=&#8220;70px&#8220; box_shadow_blur=&#8220;80px&#8220; box_shadow_spread=&#8220;0px&#8220; box_shadow_color=&#8220;rgba(67,58,122,0.1)&#8220; global_colors_info=&#8220;{}&#8220;]<\/p>\n<h3>Mitgliederzahlen Wachsen<\/h3>\n<p>Eine beachtliche Anzahl von Kunstfreunden konnte in der Vergangenheit als Unterst\u00fctzer und Helfer des Vereins gewonnen werden, sei dies in ideeller oder in materieller Hinsicht. So sind heute mehr als 70 Mitglieder f\u00fcr unseren Verein im Einsatz, entweder als Aktiver, Passiver oder institutioneller F\u00f6rderer.<\/p>\n<p>[\/et_pb_text][\/et_pb_column][\/et_pb_row][et_pb_row column_structure=&#8220;1_2,1_2&#8243; _builder_version=&#8220;4.27.0&#8243; custom_margin=&#8220;32px|auto||auto||&#8220; animation_style=&#8220;fold&#8220; global_colors_info=&#8220;{}&#8220;][et_pb_column type=&#8220;1_2&#8243; _builder_version=&#8220;4.16&#8243; custom_padding=&#8220;|||&#8220; global_colors_info=&#8220;{}&#8220; custom_padding__hover=&#8220;|||&#8220;][et_pb_text ul_position=&#8220;inside&#8220; _builder_version=&#8220;4.27.0&#8243; text_font=&#8220;||||||||&#8220; ul_font=&#8220;||||||||&#8220; header_font=&#8220;|700|||||||&#8220; header_font_size=&#8220;20px&#8220; header_line_height=&#8220;1.3em&#8220; header_3_font=&#8220;|700|||||||&#8220; header_3_font_size=&#8220;20px&#8220; header_3_line_height=&#8220;1.3em&#8220; global_colors_info=&#8220;{}&#8220;]<\/p>\n<h3>&#8222;Gro\u00dfe&#8220; Austellungen<\/h3>\n<ul>\n<li>1985 Roland D\u00f6rfler<\/li>\n<li>1987 Anton Stankowski<\/li>\n<li>1989 Diether F. Domes<\/li>\n<li>1991 Horst J. Beck<\/li>\n<li>1993 Hans Winkler <\/li>\n<li>1995 Natale Sapone<\/li>\n<li>1997 Paolo Minoli<\/li>\n<li>1999 G\u00fcnter Scholz<\/li>\n<li>2001 Hans Schnell<\/li>\n<li>2003 Gerhard Breinlinger<\/li>\n<li>2005 Rudolf Schoofs<\/li>\n<li>2007 Otto Herbert Hajek <\/li>\n<li>2009 Ralph Fleck<\/li>\n<li>2011 Simon Dittrich<\/li>\n<li>2013 Max-Peter N\u00e4her <\/li>\n<\/ul>\n<p>[\/et_pb_text][\/et_pb_column][et_pb_column type=&#8220;1_2&#8243; _builder_version=&#8220;4.16&#8243; custom_padding=&#8220;|||&#8220; global_colors_info=&#8220;{}&#8220; custom_padding__hover=&#8220;|||&#8220;][et_pb_text ul_position=&#8220;inside&#8220; _builder_version=&#8220;4.27.0&#8243; text_font=&#8220;||||||||&#8220; ul_font=&#8220;||||||||&#8220; header_font=&#8220;|700|||||||&#8220; header_font_size=&#8220;20px&#8220; header_line_height=&#8220;1.3em&#8220; header_3_font=&#8220;|700|||||||&#8220; header_3_font_size=&#8220;20px&#8220; header_3_line_height=&#8220;1.3em&#8220; locked=&#8220;off&#8220; global_colors_info=&#8220;{}&#8220;]<\/p>\n<h3>\u201eKleine&#8220; Ausstellungen<\/h3>\n<ul>\n<li>1988 Kunst und Musik &#8211; Kurt Lauer &amp; Swiss German Dixie Corporation<\/li>\n<li>1990 Kunst und Musik &#8211; Raummusik f\u00fcr Saxophone<\/li>\n<li>1992 Kunst und Musik &#8211; Teinert \/ Turowsky<\/li>\n<li>1993 Homo transfixus &#8211; eine Ausstellung zur Passionszeit<\/li>\n<li>1994 Keramikausstellung<\/li>\n<li>1996 Maximilian G\u00f6nner<\/li>\n<li>1998 Skulpturenausstellung<\/li>\n<li>2000 Hilzinger Maler<\/li>\n<li>2002 Friedrich Mengele<\/li>\n<li>2004 Keramik &#8211; Gef\u00e4\u00dfe und Skulptur<\/li>\n<li>2006 Peter Konietzny<\/li>\n<li>2008 Hans Sauerbruch<\/li>\n<li>2010 Joachim Schweikart<\/li>\n<li>2012 Hans Lcohmann<\/li>\n<li>2014 Friedrich Mengele (Benefiz-Ausstellung)<\/li>\n<li>2015 Walter Herzger<\/li>\n<li>2016 Paul G\u00f6nner<\/li>\n<li>2017 Gero Hellmuth<\/li>\n<li>2018 Joachim Schweikart<\/li>\n<li>2019 Beatrice Hug<\/li>\n<li>2022 Susanne Lubach, Helmut Schlichtherle, Joachim Schweikart<\/li>\n<li>2023 Ingeborg Osswald-L\u00fcttin <\/li>\n<\/ul>\n<p>[\/et_pb_text][\/et_pb_column][\/et_pb_row][\/et_pb_section]<\/p>\n","protected":false},"excerpt":{"rendered":"<p>HistorieIn Jahre 1985 beschlossen kunstinteressierte B\u00fcrger um den Mentor der ersten Hilzinger Kunstausstellungen, Paul G\u00f6nner, einen Verein zu gr\u00fcnden, der sich der Kunstf\u00f6rderung im Allgemeinen verschrieben hat, insbesondere aber auch der F\u00f6rderung der gro\u00dfen Hilzinger Kunstausstellung, die alle zwei Jahre stattfindet. So wurde der \u201eF\u00f6rderkreis Kunst &amp; Kultur Hilzingen eV. am 29. Mai 1985 offiziell [&hellip;]<\/p>\n","protected":false},"author":2,"featured_media":0,"parent":0,"menu_order":0,"comment_status":"closed","ping_status":"closed","template":"","meta":{"_et_pb_use_builder":"on","_et_pb_old_content":"","_et_gb_content_width":"","footnotes":""},"class_list":["post-102","page","type-page","status-publish","hentry"],"_links":{"self":[{"href":"https:\/\/www.kunstverein-hilzingen.de\/index.php?rest_route=\/wp\/v2\/pages\/102","targetHints":{"allow":["GET"]}}],"collection":[{"href":"https:\/\/www.kunstverein-hilzingen.de\/index.php?rest_route=\/wp\/v2\/pages"}],"about":[{"href":"https:\/\/www.kunstverein-hilzingen.de\/index.php?rest_route=\/wp\/v2\/types\/page"}],"author":[{"embeddable":true,"href":"https:\/\/www.kunstverein-hilzingen.de\/index.php?rest_route=\/wp\/v2\/users\/2"}],"replies":[{"embeddable":true,"href":"https:\/\/www.kunstverein-hilzingen.de\/index.php?rest_route=%2Fwp%2Fv2%2Fcomments&post=102"}],"version-history":[{"count":6,"href":"https:\/\/www.kunstverein-hilzingen.de\/index.php?rest_route=\/wp\/v2\/pages\/102\/revisions"}],"predecessor-version":[{"id":314,"href":"https:\/\/www.kunstverein-hilzingen.de\/index.php?rest_route=\/wp\/v2\/pages\/102\/revisions\/314"}],"wp:attachment":[{"href":"https:\/\/www.kunstverein-hilzingen.de\/index.php?rest_route=%2Fwp%2Fv2%2Fmedia&parent=102"}],"curies":[{"name":"wp","href":"https:\/\/api.w.org\/{rel}","templated":true}]}}