{"id":143,"date":"2024-09-03T12:12:16","date_gmt":"2024-09-03T12:12:16","guid":{"rendered":"https:\/\/fkk.x-ad.info\/?page_id=143"},"modified":"2025-09-23T19:52:51","modified_gmt":"2025-09-23T19:52:51","slug":"ausstellungen-2","status":"publish","type":"page","link":"https:\/\/www.kunstverein-hilzingen.de\/?page_id=143","title":{"rendered":"Ausstellungen"},"content":{"rendered":"<p>[et_pb_section fb_built=&#8220;1&#8243; admin_label=&#8220;Features&#8220; _builder_version=&#8220;4.16&#8243; background_image=&#8220;https:\/\/www.kunstverein-hilzingen.de\/wp-content\/uploads\/2024\/09\/art-gallery-55.jpg&#8220; background_size=&#8220;initial&#8220; background_repeat=&#8220;repeat&#8220; custom_padding=&#8220;0px|||||&#8220; global_colors_info=&#8220;{}&#8220;][et_pb_row custom_padding_last_edited=&#8220;off|phone&#8220; _builder_version=&#8220;4.27.0&#8243; background_position=&#8220;bottom_center&#8220; custom_padding_tablet=&#8220;17vw||17vw||false&#8220; animation_style=&#8220;fade&#8220; use_custom_width=&#8220;on&#8220; width_unit=&#8220;off&#8220; custom_width_percent=&#8220;100%&#8220; locked=&#8220;off&#8220; global_colors_info=&#8220;{}&#8220;][et_pb_column type=&#8220;4_4&#8243; _builder_version=&#8220;4.16&#8243; custom_padding=&#8220;|||&#8220; global_colors_info=&#8220;{}&#8220; custom_padding__hover=&#8220;|||&#8220;][et_pb_text _builder_version=&#8220;4.27.0&#8243; text_font=&#8220;||||||||&#8220; header_font=&#8220;||||||||&#8220; header_2_font=&#8220;Prata|500|||||||&#8220; header_2_font_size=&#8220;56px&#8220; header_2_line_height=&#8220;1.3em&#8220; header_3_font=&#8220;|700||on|||||&#8220; header_3_text_color=&#8220;rgba(0,0,0,0.35)&#8220; header_3_font_size=&#8220;12px&#8220; header_3_letter_spacing=&#8220;5px&#8220; header_3_line_height=&#8220;2em&#8220; transform_translate_linked=&#8220;off&#8220; text_orientation=&#8220;center&#8220; max_width=&#8220;700px&#8220; max_width_tablet=&#8220;70%&#8220; max_width_last_edited=&#8220;off|phone&#8220; module_alignment=&#8220;center&#8220; header_2_font_size_tablet=&#8220;40px&#8220; header_2_font_size_phone=&#8220;35px&#8220; header_2_font_size_last_edited=&#8220;on|phone&#8220; header_3_font_size_phone=&#8220;10px&#8220; header_3_font_size_last_edited=&#8220;off|desktop&#8220; module_alignment_last_edited=&#8220;off|desktop&#8220; text_text_align=&#8220;center&#8220; global_colors_info=&#8220;{}&#8220;]<\/p>\n<h3>Kunstverein Hilzingen<\/h3>\n<h2>Alle Ausstellungen<\/h2>\n<p>[\/et_pb_text][\/et_pb_column][\/et_pb_row][et_pb_row custom_padding_last_edited=&#8220;off|phone&#8220; _builder_version=&#8220;4.16&#8243; background_position=&#8220;bottom_center&#8220; custom_padding_tablet=&#8220;17vw||17vw||false&#8220; use_custom_width=&#8220;on&#8220; width_unit=&#8220;off&#8220; custom_width_percent=&#8220;100%&#8220; locked=&#8220;off&#8220; global_colors_info=&#8220;{}&#8220;][et_pb_column type=&#8220;4_4&#8243; _builder_version=&#8220;4.16&#8243; custom_padding=&#8220;|||&#8220; global_colors_info=&#8220;{}&#8220; custom_padding__hover=&#8220;|||&#8220;][et_pb_text _builder_version=&#8220;4.27.0&#8243; text_font=&#8220;||||||||&#8220; header_font=&#8220;||||||||&#8220; header_2_font=&#8220;Prata|500|||||||&#8220; header_2_font_size=&#8220;36px&#8220; header_2_line_height=&#8220;1.3em&#8220; header_3_font=&#8220;|700||on|||||&#8220; header_3_text_color=&#8220;rgba(0,0,0,0.35)&#8220; header_3_font_size=&#8220;12px&#8220; header_3_letter_spacing=&#8220;5px&#8220; header_3_line_height=&#8220;2em&#8220; transform_translate_linked=&#8220;off&#8220; text_orientation=&#8220;center&#8220; max_width=&#8220;700px&#8220; max_width_tablet=&#8220;70%&#8220; max_width_last_edited=&#8220;off|phone&#8220; module_alignment=&#8220;center&#8220; animation_style=&#8220;flip&#8220; header_2_font_size_tablet=&#8220;40px&#8220; header_2_font_size_phone=&#8220;26px&#8220; header_2_font_size_last_edited=&#8220;on|phone&#8220; header_3_font_size_phone=&#8220;10px&#8220; header_3_font_size_last_edited=&#8220;off|desktop&#8220; module_alignment_last_edited=&#8220;off|desktop&#8220; text_text_align=&#8220;center&#8220; global_colors_info=&#8220;{}&#8220;]<\/p>\n<h2>Bevorstehende Ausstellungen<\/h2>\n<p>[\/et_pb_text][\/et_pb_column][\/et_pb_row][et_pb_row column_structure=&#8220;3_5,2_5&#8243; _builder_version=&#8220;4.27.0&#8243; max_width=&#8220;1280px&#8220; animation_style=&#8220;flip&#8220; global_colors_info=&#8220;{}&#8220;][et_pb_column type=&#8220;3_5&#8243; _builder_version=&#8220;4.16&#8243; custom_padding=&#8220;|||&#8220; global_colors_info=&#8220;{}&#8220; custom_padding__hover=&#8220;|||&#8220;][et_pb_image src=&#8220;https:\/\/www.kunstverein-hilzingen.de\/wp-content\/uploads\/2025\/09\/Plakat-2025-724&#215;1024.jpg&#8220; alt=&#8220;Jubil\u00e4umsausstellung 40 Jahre F\u00f6rderkreis Kunst &#038; Kultur Hilzingen&#8220; title_text=&#8220;Plakat 2025&#8243; _builder_version=&#8220;4.27.4&#8243; background_image=&#8220;https:\/\/www.kunstverein-hilzingen.de\/wp-content\/uploads\/2024\/09\/art-gallery-56.png&#8220; background_size=&#8220;initial&#8220; background_position=&#8220;bottom_left&#8220; max_width=&#8220;800px&#8220; max_width_tablet=&#8220;560px&#8220; max_width_phone=&#8220;&#8220; max_width_last_edited=&#8220;on|tablet&#8220; module_alignment=&#8220;right&#8220; custom_margin=&#8220;||&#8220; custom_padding=&#8220;||40px|78px||&#8220; custom_padding_tablet=&#8220;40px|30px|0px|0px&#8220; custom_padding_phone=&#8220;&#8220; custom_padding_last_edited=&#8220;on|tablet&#8220; background_last_edited=&#8220;on|desktop&#8220; background_position_tablet=&#8220;top_right&#8220; box_shadow_style=&#8220;preset3&#8243; box_shadow_vertical=&#8220;20px&#8220; box_shadow_blur=&#8220;80px&#8220; box_shadow_spread=&#8220;0px&#8220; box_shadow_color=&#8220;rgba(67,58,122,0.2)&#8220; global_colors_info=&#8220;{}&#8220;][\/et_pb_image][\/et_pb_column][et_pb_column type=&#8220;2_5&#8243; _builder_version=&#8220;4.16&#8243; custom_padding=&#8220;|||&#8220; global_colors_info=&#8220;{}&#8220; custom_padding__hover=&#8220;|||&#8220;][et_pb_cta title=&#8220;Hilzinger Kunstausstellung 2024&#8243; button_url=&#8220;@ET-DC@eyJkeW5hbWljIjp0cnVlLCJjb250ZW50IjoicG9zdF9saW5rX3VybF9wYWdlIiwic2V0dGluZ3MiOnsicG9zdF9pZCI6IjIwMyJ9fQ==@&#8220; button_text=&#8220;Mehr erfahren&#8220; _builder_version=&#8220;4.27.0&#8243; _dynamic_attributes=&#8220;button_url&#8220; header_level=&#8220;h3&#8243; header_font=&#8220;|700|||||||&#8220; header_font_size=&#8220;20px&#8220; header_line_height=&#8220;1.3em&#8220; body_font=&#8220;||||||||&#8220; background_color=&#8220;#ffffff&#8220; custom_button=&#8220;on&#8220; button_text_size=&#8220;14px&#8220; button_text_color=&#8220;#000000&#8243; button_bg_color=&#8220;rgba(0,0,0,0)&#8220; button_bg_color_gradient_stops=&#8220;#ffffff 90%|#000000 100%&#8220; button_bg_color_gradient_start=&#8220;#ffffff&#8220; button_bg_color_gradient_start_position=&#8220;90%&#8220; button_bg_color_gradient_end=&#8220;#000000&#8243; button_border_width=&#8220;0px&#8220; button_border_radius=&#8220;0px&#8220; button_letter_spacing=&#8220;0px&#8220; button_font=&#8220;|700|||||||&#8220; button_custom_padding=&#8220;|0px||0px||true&#8220; transform_scale_tablet=&#8220;&#8220; transform_scale_phone=&#8220;&#8220; transform_scale_last_edited=&#8220;on|desktop&#8220; transform_translate=&#8220;-120px|40px&#8220; transform_translate_tablet=&#8220;0px|0px&#8220; transform_translate_phone=&#8220;&#8220; transform_translate_last_edited=&#8220;on|phone&#8220; transform_translate_linked=&#8220;off&#8220; transform_rotate_tablet=&#8220;&#8220; transform_rotate_phone=&#8220;&#8220; transform_rotate_last_edited=&#8220;on|desktop&#8220; transform_skew_tablet=&#8220;&#8220; transform_skew_phone=&#8220;&#8220; transform_skew_last_edited=&#8220;on|desktop&#8220; transform_origin_tablet=&#8220;&#8220; transform_origin_phone=&#8220;&#8220; transform_origin_last_edited=&#8220;on|desktop&#8220; transform_styles_last_edited=&#8220;on|phone&#8220; text_orientation=&#8220;left&#8220; background_layout=&#8220;light&#8220; custom_margin_tablet=&#8220;||-60px|&#8220; custom_margin_last_edited=&#8220;off|tablet&#8220; header_font_size_last_edited=&#8220;off|desktop&#8220; transform_styles_tablet=&#8220;&#8220; transform_styles_phone=&#8220;&#8220; text_orientation_tablet=&#8220;left&#8220; text_orientation_phone=&#8220;left&#8220; text_orientation_last_edited=&#8220;on|phone&#8220; box_shadow_style=&#8220;preset3&#8243; box_shadow_horizontal=&#8220;-70px&#8220; box_shadow_vertical=&#8220;70px&#8220; box_shadow_blur=&#8220;80px&#8220; box_shadow_spread=&#8220;0px&#8220; box_shadow_color=&#8220;rgba(67,58,122,0.1)&#8220; box_shadow_style_button=&#8220;preset2&#8243; box_shadow_horizontal_button=&#8220;0px&#8220; box_shadow_vertical_button=&#8220;1px&#8220; box_shadow_blur_button=&#8220;0px&#8220; box_shadow_color_button=&#8220;#000000&#8243; global_colors_info=&#8220;{}&#8220;]<\/p>\n<h2>1985 &#8211; 2025<\/h2>\n<h2>40 Jahre Jubil\u00e4umsausstellung<\/h2>\n<h3><\/h3>\n<h3>Dauer der Ausstellung:<\/h3>\n<p>&nbsp;<\/p>\n<p>19. &#8211; 26. Oktober 2025<\/p>\n<p>Wir zeigen Werke von K\u00fcnstlern unserer Ausstellungen der letzten 40 Jahre.<\/p>\n<div class=\"et_pb_module et_pb_text et_pb_text_1_tb_footer  et_pb_text_align_left et_pb_bg_layout_light\">\n<div class=\"et_pb_text_inner\">\n<h3><\/h3>\n<p><strong>F\u00fchrung und Kuratorengespr\u00e4ch mit Joachim Schweikart und Norbert Kugler<br \/>am Dienstag, 21. Oktober, 19.00 Uhr<\/strong><\/p>\n<h3><\/h3>\n<h3>\u00d6ffnungszeiten<\/h3>\n<p>19. \u2013 20.10.24 von 10:00 \u2013 19:00 Uhr<br \/>21. \u2013 24.10.24 von 14:00 \u2013 18:00 Uhr<br \/>25.10.24 von 10:00 \u2013 18:00 Uhr<br \/>26.10.24 von 10:00 \u2013 17:00 Uhr<\/p>\n<\/div>\n<\/div>\n<p>[\/et_pb_cta][\/et_pb_column][\/et_pb_row][et_pb_row _builder_version=&#8220;4.27.0&#8243; _module_preset=&#8220;default&#8220; custom_padding=&#8220;||4px|||&#8220; animation_style=&#8220;fade&#8220; global_colors_info=&#8220;{}&#8220;][et_pb_column type=&#8220;4_4&#8243; _builder_version=&#8220;4.27.0&#8243; _module_preset=&#8220;default&#8220; global_colors_info=&#8220;{}&#8220;][et_pb_text ul_position=&#8220;inside&#8220; _builder_version=&#8220;4.27.0&#8243; text_font=&#8220;||||||||&#8220; ul_font=&#8220;||||||||&#8220; header_font=&#8220;|700|||||||&#8220; header_font_size=&#8220;20px&#8220; header_line_height=&#8220;1.3em&#8220; header_3_font=&#8220;|700|||||||&#8220; header_3_font_size=&#8220;20px&#8220; header_3_line_height=&#8220;1.3em&#8220; global_colors_info=&#8220;{}&#8220;]<\/p>\n<h3>Alle Ausstelungen auf einen Blick:<\/h3>\n<p>[\/et_pb_text][\/et_pb_column][\/et_pb_row][et_pb_row column_structure=&#8220;1_2,1_2&#8243; disabled_on=&#8220;on|on|off&#8220; _builder_version=&#8220;4.27.0&#8243; custom_margin=&#8220;-6px|auto||auto||&#8220; custom_padding=&#8220;||0px|||&#8220; animation_style=&#8220;fade&#8220; animation_delay=&#8220;150ms&#8220; global_colors_info=&#8220;{}&#8220;][et_pb_column type=&#8220;1_2&#8243; _builder_version=&#8220;4.16&#8243; custom_padding=&#8220;|||&#8220; global_colors_info=&#8220;{}&#8220; custom_padding__hover=&#8220;|||&#8220;][et_pb_text _builder_version=&#8220;4.27.4&#8243; text_font=&#8220;||||||||&#8220; header_font=&#8220;||||||||&#8220; max_width=&#8220;700px&#8220; module_alignment=&#8220;center&#8220; global_colors_info=&#8220;{}&#8220;]<\/p>\n<ul>\n<li>Hilzinger Kunstausstellung 2024 mit Michael Marcel Fuchs<\/li>\n<li>Hilzinger Kunstausstellung 2023 mit Ingeborg Osswald-L\u00fcttin<\/li>\n<li>Hilzinger Kunstausstellung 2022 mit Susanne Lubach, Helmut Schlichtherle &amp; Joachim Schweikart<\/li>\n<li>Hilzinger Kunstausstellung 2019 mit Beatrice Hug<\/li>\n<li>Hilzinger Kunstausstellung 2018 mit Joachim Schweikart<\/li>\n<li>Hilzinger Kunstausstellung 2017 mit Sonderausstellung Gero Hellmuth<\/li>\n<li>Hilzinger Kunstausstellung 2016 Ged\u00e4chtnisausstellung Paul G\u00f6nner<\/li>\n<li>Hilzinger Kunstausstellung 2015 mit Sonderausstellung Walter Herzger<\/li>\n<li>Benefiz-Ausstellung Hilzingen 2014 mit Friedrich Mengele<\/li>\n<li>Hilzinger Kunstausstellung 2013 mit Sonderausstellung Max-Peter Naeer<\/li>\n<\/ul>\n<p>[\/et_pb_text][\/et_pb_column][et_pb_column type=&#8220;1_2&#8243; _builder_version=&#8220;4.27.0&#8243; _module_preset=&#8220;default&#8220; global_colors_info=&#8220;{}&#8220;][et_pb_text _builder_version=&#8220;4.27.0&#8243; text_font=&#8220;||||||||&#8220; header_font=&#8220;||||||||&#8220; max_width=&#8220;700px&#8220; module_alignment=&#8220;center&#8220; global_colors_info=&#8220;{}&#8220;]<\/p>\n<ul>\n<li>Hilzinger Kunstausstellung 2011 mit Sonderausstellung Simon Dittrich<\/li>\n<li>&#8222;kleine&#8220; Hilzinger Kunstausstellung 2010, Joachim Schweikart<\/li>\n<li>Hilzinger Kunstausstellung 2009 mit Sonderausstellung Ralph Fleck<\/li>\n<li>&#8222;kleine&#8220; Hilzinger Kunstausstellung 2008, Hans Sauerbruch<\/li>\n<li>Kunstausstellung 2007 mit Sonderaustellung Otto Herbert Hajek<\/li>\n<li>&#8222;kleine&#8220; Hilzinger Kunstausstellung 2006, Peter Konietzny<\/li>\n<li>Hilzinger Kunstausstellung 2005 mit Sonderaustellung Prof. Rudolf Schoofs<\/li>\n<li>&#8222;kleine&#8220; Hilzinger Kunstausstellung 2004, KERAMIK &#8211; Gef\u00e4\u00df und Skulptur<\/li>\n<li>Hilzinger Kunstausstellung 2003 mit Sonderaustellung Gerhard Breinlinger<\/li>\n<li>&#8222;kleine&#8220; Hilzinger Kunstausstellung 2002, Friedrich Mengele<\/li>\n<li>Hilzinger Kunstausstellung 2001 mit Sonderaustellung Hans Schnell<\/li>\n<\/ul>\n<p>[\/et_pb_text][\/et_pb_column][\/et_pb_row][et_pb_row disabled_on=&#8220;off|off|on&#8220; _builder_version=&#8220;4.27.0&#8243; custom_margin=&#8220;-6px|auto||auto||&#8220; custom_padding=&#8220;||0px|||&#8220; animation_style=&#8220;fade&#8220; animation_delay=&#8220;150ms&#8220; global_colors_info=&#8220;{}&#8220;][et_pb_column type=&#8220;4_4&#8243; _builder_version=&#8220;4.16&#8243; custom_padding=&#8220;|||&#8220; global_colors_info=&#8220;{}&#8220; custom_padding__hover=&#8220;|||&#8220;][\/et_pb_column][\/et_pb_row][\/et_pb_section][et_pb_section fb_built=&#8220;1&#8243; admin_label=&#8220;Header&#8220; _builder_version=&#8220;4.27.0&#8243; background_image=&#8220;https:\/\/www.kunstverein-hilzingen.de\/wp-content\/uploads\/2024\/09\/art-gallery-55.jpg&#8220; background_size=&#8220;initial&#8220; background_repeat=&#8220;repeat&#8220; custom_padding=&#8220;4px|||||&#8220; animation_style=&#8220;flip&#8220; global_colors_info=&#8220;{}&#8220;][et_pb_row custom_padding_last_edited=&#8220;off|phone&#8220; _builder_version=&#8220;4.16&#8243; background_position=&#8220;bottom_center&#8220; custom_padding=&#8220;15px||3px|||&#8220; custom_padding_tablet=&#8220;17vw||17vw||false&#8220; use_custom_width=&#8220;on&#8220; width_unit=&#8220;off&#8220; custom_width_percent=&#8220;100%&#8220; locked=&#8220;off&#8220; global_colors_info=&#8220;{}&#8220;][et_pb_column type=&#8220;4_4&#8243; _builder_version=&#8220;4.16&#8243; custom_padding=&#8220;|||&#8220; global_colors_info=&#8220;{}&#8220; custom_padding__hover=&#8220;|||&#8220;][et_pb_text _builder_version=&#8220;4.27.0&#8243; text_font=&#8220;||||||||&#8220; header_font=&#8220;||||||||&#8220; header_2_font=&#8220;Prata|500|||||||&#8220; header_2_text_align=&#8220;left&#8220; header_2_font_size=&#8220;56px&#8220; header_2_line_height=&#8220;1.3em&#8220; transform_translate_linked=&#8220;off&#8220; max_width=&#8220;100%&#8220; max_width_tablet=&#8220;70%&#8220; max_width_last_edited=&#8220;off|phone&#8220; header_2_font_size_tablet=&#8220;40px&#8220; header_2_font_size_phone=&#8220;26px&#8220; header_2_font_size_last_edited=&#8220;on|desktop&#8220; global_colors_info=&#8220;{}&#8220;]<\/p>\n<h2>Wir zeigten Arbeiten von:<\/h2>\n<p>[\/et_pb_text][\/et_pb_column][\/et_pb_row][et_pb_row column_structure=&#8220;1_2,1_2&#8243; disabled_on=&#8220;on|on|off&#8220; _builder_version=&#8220;4.27.0&#8243; custom_margin=&#8220;-6px|auto||auto||&#8220; global_colors_info=&#8220;{}&#8220;][et_pb_column type=&#8220;1_2&#8243; _builder_version=&#8220;4.16&#8243; custom_padding=&#8220;|||&#8220; global_colors_info=&#8220;{}&#8220; custom_padding__hover=&#8220;|||&#8220;][et_pb_text _builder_version=&#8220;4.27.0&#8243; text_font=&#8220;||||||||&#8220; header_font=&#8220;||||||||&#8220; max_width=&#8220;700px&#8220; module_alignment=&#8220;center&#8220; global_colors_info=&#8220;{}&#8220;]<\/p>\n<p>Antes, Horst Berlin und Karlsruhe und Sicellino (I)<br \/>Anthropelos, Emanuel Stuttgart<br \/>Baumann-Senn, Sigrid Stuttgart<br \/>Beck, Gerlinde M\u00fchlacker\/Gro\u00dfglattbach<br \/>Bernhard, Franz Jockgrim<br \/>Blaudszun, Diethard Wingen sur Moder (F)<br \/>Breinlinger, Gerhard Konstanz<br \/>Brinkmann, EnriqueChurriana, M\u00e1laga (E)<br \/>Brodwolf, J\u00fcrgen Kandern<br \/>B\u00fccheler, Josef Rottweil-Hausen<br \/>Dittrich, SimonStuttgart<br \/>Domes, Diether F. Langenargen<br \/>D\u00f6rfler, Roland Braunschweig<br \/>D\u00f6ring, Adam Lude Sachsenheim<br \/>Dreher, Peter Wittnau<br \/>Fleck, Ralph Freiburg<br \/>Forster, Rolf Hemishofen (CH)<br \/>Frentz, von J\u00fcrgen Raitz Wiesbaden<br \/>Glitsch, Gotthard Heidelberg<br \/>Grinten, van der Gerhard K\u00f6ln<br \/>Hajek, Otto Herbert Stuttgart<br \/>Hauser, Erich Rottweil<br \/>Hellmuth, Gero Singen<br \/>Herzger, Walter Gaienhofen<br \/>Hug, Beatrice Paris (F)<br \/>Kiebler, Susanne Konstanz<br \/>Klieber, Ulrich Adelberg und Halle<\/p>\n<p>[\/et_pb_text][\/et_pb_column][et_pb_column type=&#8220;1_2&#8243; _builder_version=&#8220;4.27.0&#8243; _module_preset=&#8220;default&#8220; global_colors_info=&#8220;{}&#8220;][et_pb_text _builder_version=&#8220;4.27.0&#8243; text_font=&#8220;||||||||&#8220; header_font=&#8220;||||||||&#8220; max_width=&#8220;700px&#8220; module_alignment=&#8220;center&#8220; global_colors_info=&#8220;{}&#8220;]<\/p>\n<p>Konietzny, Peter Hilzingen<br \/>Kriebaum, Rudolf Wien (A)<br \/>Ljubicic, Davor Konstanz<br \/>L\u00fcdemann, Uschi Frankfurt\/M. und<br \/>East Hampton, N.Y.(USA)<br \/>Mansen, Erich Lichtenstein<br \/>Martin, Manfred T\u00fcbingen<br \/>Martin, Roland TuttlingenMohr, Nikolaus Ostrach<br \/>M\u00f6hrle, Peter Allensbach<br \/>N\u00e4her, Max-Peter Ettlingen<br \/>Osswald-L\u00fcttin, Ingeborg Hilzingen\/Riedheim<br \/>Pfrieger, Albert Richard Radolfzell<br \/>Pistol, Heinz L. Stuttgart und H\u00fcfingen<br \/>Renner, Frank Liptingen und Engen<br \/>Rybiczka, Rudolf Kressbronn<br \/>Sapone, Natale Frauenfeld (CH)<br \/>Scherer, Reinhard Alfdorf-Pfahlbronn<br \/>Schleheck, Sigrun C. \u00dcberlingens<br \/>Scholz, G\u00fcnter Schopfheim\/Enkenstein<br \/>Schoofs, Dong-Chool Stuttgart<br \/>Schoofs, Rudolf Stuttgart<br \/>Schweikart, Joachim Radolfzell<br \/>Schwitzler, Joachim Konstanz<br \/>Sehnke, Beate Wangen (Bodensee)<br \/>Wachter, Emil Karlsruhe<br \/>Wassiliadis, Paul Me\u00dfstetten-Oberdigisheim<br \/>Winzer, Konrad Kandern<br \/>Zangs, Herbert Krefeld<br \/>Zecca, Antonio Stei\u00dflingen<\/p>\n<p>[\/et_pb_text][\/et_pb_column][\/et_pb_row][\/et_pb_section]<\/p>\n","protected":false},"excerpt":{"rendered":"<p>Kunstverein Hilzingen Alle AusstellungenBevorstehende Ausstellungen1985 &#8211; 2025 40 Jahre Jubil\u00e4umsausstellung Dauer der Ausstellung: &nbsp; 19. &#8211; 26. Oktober 2025 Wir zeigen Werke von K\u00fcnstlern unserer Ausstellungen der letzten 40 Jahre. F\u00fchrung und Kuratorengespr\u00e4ch mit Joachim Schweikart und Norbert Kugleram Dienstag, 21. Oktober, 19.00 Uhr \u00d6ffnungszeiten 19. \u2013 20.10.24 von 10:00 \u2013 19:00 Uhr21. \u2013 24.10.24 [&hellip;]<\/p>\n","protected":false},"author":2,"featured_media":0,"parent":0,"menu_order":0,"comment_status":"closed","ping_status":"closed","template":"","meta":{"_et_pb_use_builder":"on","_et_pb_old_content":"","_et_gb_content_width":"","footnotes":""},"class_list":["post-143","page","type-page","status-publish","hentry"],"_links":{"self":[{"href":"https:\/\/www.kunstverein-hilzingen.de\/index.php?rest_route=\/wp\/v2\/pages\/143","targetHints":{"allow":["GET"]}}],"collection":[{"href":"https:\/\/www.kunstverein-hilzingen.de\/index.php?rest_route=\/wp\/v2\/pages"}],"about":[{"href":"https:\/\/www.kunstverein-hilzingen.de\/index.php?rest_route=\/wp\/v2\/types\/page"}],"author":[{"embeddable":true,"href":"https:\/\/www.kunstverein-hilzingen.de\/index.php?rest_route=\/wp\/v2\/users\/2"}],"replies":[{"embeddable":true,"href":"https:\/\/www.kunstverein-hilzingen.de\/index.php?rest_route=%2Fwp%2Fv2%2Fcomments&post=143"}],"version-history":[{"count":19,"href":"https:\/\/www.kunstverein-hilzingen.de\/index.php?rest_route=\/wp\/v2\/pages\/143\/revisions"}],"predecessor-version":[{"id":368,"href":"https:\/\/www.kunstverein-hilzingen.de\/index.php?rest_route=\/wp\/v2\/pages\/143\/revisions\/368"}],"wp:attachment":[{"href":"https:\/\/www.kunstverein-hilzingen.de\/index.php?rest_route=%2Fwp%2Fv2%2Fmedia&parent=143"}],"curies":[{"name":"wp","href":"https:\/\/api.w.org\/{rel}","templated":true}]}}