{"id":246,"date":"2024-09-09T09:07:38","date_gmt":"2024-09-09T09:07:38","guid":{"rendered":"https:\/\/fkk.x-ad.info\/?page_id=246"},"modified":"2024-09-16T11:05:02","modified_gmt":"2024-09-16T11:05:02","slug":"buecher","status":"publish","type":"page","link":"https:\/\/www.kunstverein-hilzingen.de\/?page_id=246","title":{"rendered":"B\u00fccher"},"content":{"rendered":"<p>[et_pb_section fb_built=&#8220;1&#8243; admin_label=&#8220;Header&#8220; _builder_version=&#8220;4.16&#8243; background_image=&#8220;https:\/\/www.kunstverein-hilzingen.de\/wp-content\/uploads\/2024\/09\/art-gallery-55.jpg&#8220; background_size=&#8220;initial&#8220; background_repeat=&#8220;repeat&#8220; custom_padding=&#8220;||0px|||&#8220; global_colors_info=&#8220;{}&#8220;][et_pb_row custom_padding_last_edited=&#8220;off|phone&#8220; _builder_version=&#8220;4.16&#8243; background_position=&#8220;bottom_center&#8220; custom_padding_tablet=&#8220;17vw||17vw||false&#8220; use_custom_width=&#8220;on&#8220; width_unit=&#8220;off&#8220; custom_width_percent=&#8220;100%&#8220; locked=&#8220;off&#8220; global_colors_info=&#8220;{}&#8220;][et_pb_column type=&#8220;4_4&#8243; _builder_version=&#8220;4.16&#8243; custom_padding=&#8220;|||&#8220; global_colors_info=&#8220;{}&#8220; custom_padding__hover=&#8220;|||&#8220;][et_pb_text _builder_version=&#8220;4.27.0&#8243; text_font=&#8220;||||||||&#8220; header_font=&#8220;||||||||&#8220; header_2_font=&#8220;Prata|500|||||||&#8220; header_2_text_align=&#8220;left&#8220; header_2_font_size=&#8220;56px&#8220; header_2_line_height=&#8220;1.3em&#8220; transform_translate_linked=&#8220;off&#8220; max_width=&#8220;100%&#8220; max_width_tablet=&#8220;70%&#8220; max_width_last_edited=&#8220;off|phone&#8220; hover_enabled=&#8220;0&#8243; header_2_font_size_tablet=&#8220;40px&#8220; header_2_font_size_phone=&#8220;38px&#8220; header_2_font_size_last_edited=&#8220;on|desktop&#8220; global_colors_info=&#8220;{}&#8220; sticky_enabled=&#8220;0&#8243;]<\/p>\n<h2>B\u00fccher<\/h2>\n<p>[\/et_pb_text][\/et_pb_column][\/et_pb_row][et_pb_row _builder_version=&#8220;4.16&#8243; global_colors_info=&#8220;{}&#8220;][et_pb_column type=&#8220;4_4&#8243; _builder_version=&#8220;4.16&#8243; custom_padding=&#8220;|||&#8220; global_colors_info=&#8220;{}&#8220; custom_padding__hover=&#8220;|||&#8220;][et_pb_text _builder_version=&#8220;4.27.0&#8243; text_font=&#8220;||||||||&#8220; header_font=&#8220;||||||||&#8220; max_width=&#8220;700px&#8220; module_alignment=&#8220;center&#8220; animation_style=&#8220;fade&#8220; global_colors_info=&#8220;{}&#8220;]<\/p>\n<p align=\"left\">Badener, Deutscher und Europ\u00e4er &#8211; diese Begriffe sind in Leo Wohlebs Denken nicht voneinander zu trennen, sondern sie erscheinen stets in ihrem inneren Zusammenhang.<br \/>Der badische Staatspr\u00e4sident, dessen Unterschrift an erster Stelle unter dem deutschen Grundgesetz zu finden ist, h\u00e4lt diesen Zusammenhang aufrecht, auch in der Phase der h\u00e4rtesten Auseinandersetzung um den S\u00fcdweststaat.<\/p>\n<p align=\"left\">Er bekannte sich zu Erasmus, dem humanistischen Vork\u00e4mpfer f\u00fcr ein Europa in Frieden und Freiheit. In diesem Geist sollte die Jugend erzogen und das Gemeinwesen aufgebaut werden. Und &#8222;dieses Europa&#8220;, schrieb er im Sommer 1948 in Nouvelles de France, &#8222;ist mehr als ein r\u00e4umlicher Ordnungsbegriff, Europa ist eine geistige Wirklichkeit, klar geformt vom antiken Erbe her, nachdem in Hellas der europ\u00e4ische Geist geboren wurde, \u00fcberh\u00f6ht durch die Wahrheit des Christentums.&#8220; Ein solches Europa ist f\u00fcr Wohleb eine bittere Notwendigkeit, die Existenzvoraussetzung f\u00fcr die Freiheit und Selbst\u00e4ndigkeit der westlichen Demokratien. In Bonn tagte der Parlamentarische Rat, um das Grundgesetz f\u00fcr den Bund deutscher L\u00e4nder zu schaffen. Wir warten auf den Zusammentritt des Parlamentarischen Rates, der das Grundgesetz europ\u00e4ischer L\u00e4nder schafft.&#8220;<\/p>\n<p align=\"left\">Diese Buch (103 Seiten) ist beim F\u00f6rderkreis Kunst &amp; Kultur zum <strong>Preis von 15,- \u20ac<\/strong> zzgl. Versandkosten erh\u00e4ltlich. <a href=\"https:\/\/kunstverein-hilzingen.de\/component\/option,com_contact\/task,view\/contact_id,1\/Itemid,15\/\" target=\"_self\" rel=\"noopener\"><br \/><\/a><\/p>\n<p>[\/et_pb_text][\/et_pb_column][\/et_pb_row][\/et_pb_section][et_pb_section fb_built=&#8220;1&#8243; admin_label=&#8220;About&#8220; _builder_version=&#8220;4.16&#8243; background_image=&#8220;https:\/\/www.kunstverein-hilzingen.de\/wp-content\/uploads\/2024\/09\/art-gallery-55.jpg&#8220; background_size=&#8220;initial&#8220; background_repeat=&#8220;repeat&#8220; custom_padding=&#8220;3px|||||&#8220; global_colors_info=&#8220;{}&#8220;][et_pb_row column_structure=&#8220;2_5,3_5&#8243; _builder_version=&#8220;4.27.0&#8243; max_width=&#8220;1280px&#8220; animation_style=&#8220;flip&#8220; global_colors_info=&#8220;{}&#8220;][et_pb_column type=&#8220;2_5&#8243; _builder_version=&#8220;4.16&#8243; custom_padding=&#8220;|||&#8220; global_colors_info=&#8220;{}&#8220; custom_padding__hover=&#8220;|||&#8220;][et_pb_image src=&#8220;https:\/\/www.kunstverein-hilzingen.de\/wp-content\/uploads\/2024\/09\/Buch-Web.jpg&#8220; title_text=&#8220;Buch-Web&#8220; url=&#8220;https:\/\/www.kunstverein-hilzingen.de\/wp-content\/uploads\/2024\/09\/Buch-Web.jpg&#8220; url_new_window=&#8220;on&#8220; _builder_version=&#8220;4.27.0&#8243; background_enable_image=&#8220;off&#8220; background_size=&#8220;initial&#8220; background_position=&#8220;bottom_left&#8220; max_width_tablet=&#8220;560px&#8220; max_width_last_edited=&#8220;off|tablet&#8220; module_alignment=&#8220;right&#8220; custom_margin=&#8220;|-200px||&#8220; custom_margin_tablet=&#8220;|0px||&#8220; custom_margin_phone=&#8220;&#8220; custom_margin_last_edited=&#8220;on|tablet&#8220; custom_padding=&#8220;||40px|78px||&#8220; custom_padding_tablet=&#8220;40px|30px|0px|0px&#8220; custom_padding_phone=&#8220;&#8220; custom_padding_last_edited=&#8220;on|tablet&#8220; background_last_edited=&#8220;on|desktop&#8220; background_position_tablet=&#8220;top_right&#8220; box_shadow_style=&#8220;preset3&#8243; box_shadow_vertical=&#8220;20px&#8220; box_shadow_blur=&#8220;80px&#8220; box_shadow_spread=&#8220;0px&#8220; box_shadow_color=&#8220;rgba(67,58,122,0.2)&#8220; global_colors_info=&#8220;{}&#8220;][\/et_pb_image][\/et_pb_column][et_pb_column type=&#8220;3_5&#8243; _builder_version=&#8220;4.16&#8243; custom_padding=&#8220;|||&#8220; global_colors_info=&#8220;{}&#8220; custom_padding__hover=&#8220;|||&#8220;][et_pb_text _builder_version=&#8220;4.27.0&#8243; text_font=&#8220;||||||||&#8220; header_font=&#8220;|700|||||||&#8220; header_font_size=&#8220;20px&#8220; header_line_height=&#8220;1.3em&#8220; header_3_font=&#8220;|700|||||||&#8220; header_3_font_size=&#8220;20px&#8220; header_3_line_height=&#8220;1.3em&#8220; background_color=&#8220;#ffffff&#8220; custom_margin=&#8220;150px||&#8220; custom_margin_tablet=&#8220;0px|||&#8220; custom_margin_phone=&#8220;&#8220; custom_margin_last_edited=&#8220;on|tablet&#8220; custom_padding=&#8220;40px|40px|40px|40px|true|true&#8220; header_font_size_tablet=&#8220;&#8220; header_font_size_phone=&#8220;&#8220; header_font_size_last_edited=&#8220;on|desktop&#8220; box_shadow_style=&#8220;preset3&#8243; box_shadow_horizontal=&#8220;-70px&#8220; box_shadow_vertical=&#8220;70px&#8220; box_shadow_blur=&#8220;80px&#8220; box_shadow_spread=&#8220;0px&#8220; box_shadow_color=&#8220;rgba(67,58,122,0.1)&#8220; global_colors_info=&#8220;{}&#8220;]<\/p>\n<h3>Staatsauffassung und Regierungspraxis des letzten badischen Staatspr\u00e4sidenten Leo Wohleb 1947-1952<\/h3>\n<p><span style=\"text-decoration: underline;\">Herausgeber<\/span>: F\u00f6rderkreis Kunst &amp; Kultur Hilzingen e.V.<br \/><span style=\"text-decoration: underline;\">Satz &amp; Layout<\/span>: G.Braun Buchverlag , Karlsruhe<br \/><span style=\"text-decoration: underline;\">Herstellung<\/span>: J.A. Kugler, Druckerei und Hegau-Verlag<\/p>\n<p>F\u00fcr nur <b>15,- \u20ac<\/b><\/p>\n<p>[\/et_pb_text][\/et_pb_column][\/et_pb_row][et_pb_row _builder_version=&#8220;4.27.0&#8243; _module_preset=&#8220;default&#8220; custom_padding=&#8220;||4px|||&#8220; animation_style=&#8220;fade&#8220; global_colors_info=&#8220;{}&#8220;][et_pb_column type=&#8220;4_4&#8243; _builder_version=&#8220;4.27.0&#8243; _module_preset=&#8220;default&#8220; global_colors_info=&#8220;{}&#8220;][et_pb_text ul_position=&#8220;inside&#8220; _builder_version=&#8220;4.27.0&#8243; text_font=&#8220;||||||||&#8220; ul_font=&#8220;||||||||&#8220; header_font=&#8220;|700|||||||&#8220; header_font_size=&#8220;20px&#8220; header_line_height=&#8220;1.3em&#8220; header_2_text_color=&#8220;gcid-primary-color&#8220; header_3_font=&#8220;|700|||||||&#8220; header_3_font_size=&#8220;20px&#8220; header_3_line_height=&#8220;1.3em&#8220; global_colors_info=&#8220;{%22gcid-primary-color%22:%91%22header_2_text_color%22%93}&#8220;]<\/p>\n<h3 style=\"text-align: center;\"><strong>Jetzt bestellen unter:<\/strong><\/h3>\n<h2 style=\"text-align: center;\"><strong>weber@hilzingen.de <\/strong><\/h2>\n<p>[\/et_pb_text][\/et_pb_column][\/et_pb_row][\/et_pb_section]<\/p>\n","protected":false},"excerpt":{"rendered":"<p>B\u00fccherBadener, Deutscher und Europ\u00e4er &#8211; diese Begriffe sind in Leo Wohlebs Denken nicht voneinander zu trennen, sondern sie erscheinen stets in ihrem inneren Zusammenhang.Der badische Staatspr\u00e4sident, dessen Unterschrift an erster Stelle unter dem deutschen Grundgesetz zu finden ist, h\u00e4lt diesen Zusammenhang aufrecht, auch in der Phase der h\u00e4rtesten Auseinandersetzung um den S\u00fcdweststaat. Er bekannte sich [&hellip;]<\/p>\n","protected":false},"author":2,"featured_media":0,"parent":0,"menu_order":0,"comment_status":"closed","ping_status":"closed","template":"","meta":{"_et_pb_use_builder":"on","_et_pb_old_content":"","_et_gb_content_width":"","footnotes":""},"class_list":["post-246","page","type-page","status-publish","hentry"],"_links":{"self":[{"href":"https:\/\/www.kunstverein-hilzingen.de\/index.php?rest_route=\/wp\/v2\/pages\/246","targetHints":{"allow":["GET"]}}],"collection":[{"href":"https:\/\/www.kunstverein-hilzingen.de\/index.php?rest_route=\/wp\/v2\/pages"}],"about":[{"href":"https:\/\/www.kunstverein-hilzingen.de\/index.php?rest_route=\/wp\/v2\/types\/page"}],"author":[{"embeddable":true,"href":"https:\/\/www.kunstverein-hilzingen.de\/index.php?rest_route=\/wp\/v2\/users\/2"}],"replies":[{"embeddable":true,"href":"https:\/\/www.kunstverein-hilzingen.de\/index.php?rest_route=%2Fwp%2Fv2%2Fcomments&post=246"}],"version-history":[{"count":7,"href":"https:\/\/www.kunstverein-hilzingen.de\/index.php?rest_route=\/wp\/v2\/pages\/246\/revisions"}],"predecessor-version":[{"id":313,"href":"https:\/\/www.kunstverein-hilzingen.de\/index.php?rest_route=\/wp\/v2\/pages\/246\/revisions\/313"}],"wp:attachment":[{"href":"https:\/\/www.kunstverein-hilzingen.de\/index.php?rest_route=%2Fwp%2Fv2%2Fmedia&parent=246"}],"curies":[{"name":"wp","href":"https:\/\/api.w.org\/{rel}","templated":true}]}}