{"id":263,"date":"2024-09-09T09:20:12","date_gmt":"2024-09-09T09:20:12","guid":{"rendered":"https:\/\/fkk.x-ad.info\/?page_id=263"},"modified":"2024-09-09T09:20:29","modified_gmt":"2024-09-09T09:20:29","slug":"datenschutzerklaerung","status":"publish","type":"page","link":"https:\/\/www.kunstverein-hilzingen.de\/?page_id=263","title":{"rendered":"Datenschutzerkl\u00e4rung"},"content":{"rendered":"<p>[et_pb_section fb_built=&#8220;1&#8243; admin_label=&#8220;Header&#8220; _builder_version=&#8220;4.16&#8243; background_image=&#8220;https:\/\/www.kunstverein-hilzingen.de\/wp-content\/uploads\/2024\/09\/art-gallery-55.jpg&#8220; background_size=&#8220;initial&#8220; background_repeat=&#8220;repeat&#8220; global_colors_info=&#8220;{}&#8220; theme_builder_area=&#8220;post_content&#8220;][et_pb_row custom_padding_last_edited=&#8220;off|phone&#8220; _builder_version=&#8220;4.16&#8243; background_position=&#8220;bottom_center&#8220; custom_padding=&#8220;27px|||||&#8220; custom_padding_tablet=&#8220;17vw||17vw||false&#8220; use_custom_width=&#8220;on&#8220; width_unit=&#8220;off&#8220; custom_width_percent=&#8220;100%&#8220; locked=&#8220;off&#8220; global_colors_info=&#8220;{}&#8220; theme_builder_area=&#8220;post_content&#8220;][et_pb_column type=&#8220;4_4&#8243; _builder_version=&#8220;4.16&#8243; custom_padding=&#8220;|||&#8220; global_colors_info=&#8220;{}&#8220; custom_padding__hover=&#8220;|||&#8220; theme_builder_area=&#8220;post_content&#8220;][et_pb_text _builder_version=&#8220;4.27.0&#8243; text_font=&#8220;||||||||&#8220; header_font=&#8220;||||||||&#8220; header_2_font=&#8220;Prata|500|||||||&#8220; header_2_text_align=&#8220;left&#8220; header_2_font_size=&#8220;56px&#8220; header_2_line_height=&#8220;1.3em&#8220; transform_translate_linked=&#8220;off&#8220; max_width=&#8220;100%&#8220; max_width_tablet=&#8220;70%&#8220; max_width_last_edited=&#8220;off|phone&#8220; hover_enabled=&#8220;0&#8243; header_2_font_size_tablet=&#8220;40px&#8220; header_2_font_size_phone=&#8220;26px&#8220; header_2_font_size_last_edited=&#8220;on|desktop&#8220; global_colors_info=&#8220;{}&#8220; theme_builder_area=&#8220;post_content&#8220; sticky_enabled=&#8220;0&#8243;]<\/p>\n<h2>Datenschutzerkl\u00e4rung<\/h2>\n<p>[\/et_pb_text][\/et_pb_column][\/et_pb_row][et_pb_row _builder_version=&#8220;4.16&#8243; global_colors_info=&#8220;{}&#8220; theme_builder_area=&#8220;post_content&#8220;][et_pb_column type=&#8220;4_4&#8243; _builder_version=&#8220;4.16&#8243; custom_padding=&#8220;|||&#8220; global_colors_info=&#8220;{}&#8220; custom_padding__hover=&#8220;|||&#8220; theme_builder_area=&#8220;post_content&#8220;][et_pb_text _builder_version=&#8220;4.27.0&#8243; text_font=&#8220;||||||||&#8220; header_font=&#8220;||||||||&#8220; max_width=&#8220;700px&#8220; module_alignment=&#8220;center&#8220; custom_margin=&#8220;|||-59px|false|false&#8220; custom_padding=&#8220;|||0px|false|false&#8220; animation_style=&#8220;fade&#8220; hover_enabled=&#8220;0&#8243; global_colors_info=&#8220;{}&#8220; theme_builder_area=&#8220;post_content&#8220; sticky_enabled=&#8220;0&#8243;]<\/p>\n<p>Die nachfolgende Datenschutzerkl\u00e4rung gilt f\u00fcr die Nutzung unseres Internetauftritts und informiert Sie als betroffene Person im Sinne des Datenschutzrechts und Nutzer dieses Interauftritts \u00fcber die Verarbeitung personenbezogener Daten. Personenbezogene Daten sind Einzelangaben \u00fcber pers\u00f6nliche oder sachliche Verh\u00e4ltnisse einer bestimmten oder bestimmbaren nat\u00fcrlichen Person.<\/p>\n<div class=\"col-12 article-text\">\n<p>&nbsp;<\/p>\n<p><strong>F\u00f6rderkreis Kunst &amp; Kultur Hilzingen e.V.<\/strong><br \/>Gesch\u00e4ftsf\u00fchrer Markus Weber<br \/>Hauptstr. 36 <br \/>78247 Hilzingen\u00a0<\/p>\n<p>Tel. 07731\/38 09-26<br \/>e-Mail: weber @ hilzingen.de\u00a0<\/p>\n<p>&nbsp;<\/p>\n<p><b>1. Allgemeine Informationen<\/b><br \/>Beim Besuch unser Webseite erhebt der Anbieter dieser Plattform (beziehungsweise sein Webspace-Provider) Daten \u00fcber jeden Zugriff auf das Angebot. Zu diesen Zugriffsdaten geh\u00f6ren:<br \/>\u2022 der Name der abgerufenen Webseite, <br \/>\u2022 IP-Adresse des anfragenden Rechners,<br \/>\u2022 das Datum und die Uhrzeit des Abrufs<br \/>\u2022 die \u00fcbertragene Datenmenge<br \/>\u2022 den Browsertyp und die Version des Browsers<br \/>\u2022 das vom Nutzer verwendete Betriebssystem <br \/>\u2022 die Webseite von der aus der Nutzer diesen Internetauftritt besucht (Referrer URL)<br \/>\u2022 die IP-Adresse des anfragenden Rechners<br \/>\u2022 der anfragende Provider<\/p>\n<p>Die genannten Daten werden durch Betreiber zu folgenden Zwecken verarbeitet:<\/p>\n<p>\u2022 Verbesserung und Gew\u00e4hrleistung des Verbindungsaufbaus zur Website,<br \/>\u2022 Verbesserung der Nutzungsm\u00f6glichkeit der Website,<br \/>\u2022 Auswertung der Systemsicherheit und -stabilit\u00e4t sowie<br \/>\u2022 administrative Zwecke.<\/p>\n<p>Die Rechtsgrundlage f\u00fcr die Datenverarbeitung ist Art. 6 Abs. 1 S. 1 lit. f DSGVO. Das berechtigte Interesse des Anbieters folgt aus oben aufgelisteten Zwecken zur Datenerhebung. Die Daten sind anonym und werden getrennt von Ihren eventuell angegebenen personenbezogenen Daten gespeichert. R\u00fcckschl\u00fcsse auf eine bestimmte Person sind nicht m\u00f6glich.<\/p>\n<p>Eine \u00dcbermittlung Ihrer pers\u00f6nlichen Daten an Dritte erfolgt nur zu nachfolgend aufgef\u00fchrten Zweck. Eine \u00dcbermittlung aus anderen Gr\u00fcnden erfolgt nicht:<br \/>Eine Weitergabe der pers\u00f6nlichen Daten des Nutzers an Dritte erfolgt nur, wenn:<br \/>\u2022 Der Nutzer seine ausdr\u00fcckliche Einwilligung nach Art. 6 Abs. 1 S. 1 lit. a DSGVO dazu erteilt haben,<br \/>\u2022 die Weitergabe nach Art. 6 Abs. 1 S. 1 lit. f DSGVO zur Geltendmachung, Aus\u00fcbung oder Verteidigung von Rechtsanspr\u00fcchen erforderlich ist und kein Grund zur Annahme besteht, dass Sie ein \u00fcberwiegendes schutzw\u00fcrdiges Interesse an der Nichtweitergabe Ihrer Daten haben,<br \/>\u2022 f\u00fcr den Fall, dass f\u00fcr die Weitergabe nach Art. 6 Abs. 1 S. 1 lit. c DSGVO eine gesetzliche Verpflichtung besteht, sowie<br \/>\u2022 dies gesetzlich zul\u00e4ssig und nach Art. 6 Abs. 1 S. 1 lit. b DSGVO f\u00fcr die Abwicklung von Vertragsverh\u00e4ltnissen mit dem Nutzer erforderlich ist.<\/p>\n<p>Die Daten werden nach einer vordefinierten Frist automatisch gel\u00f6scht, sofern nicht die weitere Aufbewahrung zu Beweiszwecken erforderlich ist.<\/p>\n<p><b>Cookies, allgemein<\/b><br \/>Auf unserem Internetauftritt verwenden wir Cookies. Bei Cookies handelt es sich um kleine (Text-)Dateien, die auf Ihrem Endger\u00e4t (z.B. Smartphone, Notebook, Tablet, PC) angelegt und gespeichert werden. Bei den meisten Cookies handelt es sich um sogenannte \u201eSession-Cookies\u201c die nach dem Ende des Besuches gel\u00f6scht werden. Im Einzelfall geben diese Cookies jedoch Informationen ab, um den Nutzer automatisch wieder zu erkennen. Mittels einer sogenannten Cookie-ID k\u00f6nnen dabei Internetseiten und Server dem konkreten Internetbrowser zugeordnet werden, in dem das Cookie gespeichert wurde. <br \/>Cookies dienen der Verbesserung der Nutzerfreundlichkeit unseres Internetauftritts und um f\u00fcr unseren Internetauftritt einen technisch fehlerfreien und optimierten Zustand zu erm\u00f6glichen. Sofern Sie mit der Verwendung von Cookies nicht einverstanden sind, besteht die M\u00f6glichkeit die Verwendung in den Browsereinstellungen einzuschr\u00e4nken oder vollst\u00e4ndig zu deaktivieren. F\u00fcr den Fall der Einschr\u00e4nkung oder Deaktivierung kann die Nutzung dieses Internetauftritts eingeschr\u00e4nkt sein. Die Rechtsgrundlage f\u00fcr die Datenverarbeitung ist Art. 6 Abs. 1 S. 1 lit. f DSGVO. Unser berechtigtes Interesse folgt aus oben genannten Zwecken zur Datenerhebung.<\/p>\n<p><b>Kontaktaufnahmeformular<\/b><br \/>Sie haben die M\u00f6glichkeit zur Kontaktaufnahme mit uns \u00fcber verschiedene Kommunikationswege wie E-Mail, Telefon, Post oder \u00fcber ein Kontaktformular. F\u00fcr den Fall der Kontaktaufnahme speichern wir Ihre Daten zum Zwecke der Bearbeitung der Anfrage. Eine Weitergabe der Daten an Dritte erfolgt nicht. Die Verarbeitung der personenbezogenen Daten erfolgt nach Art. 6 Abs. 1 S. 1 lit. f DSGVO. Das berechtigte Interesse besteht hier in der Verarbeitung Ihrer Anfrage. Zielt Ihre Kontaktaufnahme auf den Abschluss eines Vertrages, so ist Rechtsgrundlage ebenfalls Art. 6 Abs. 1 S. 1 lit. b DSGVO.<\/p>\n<p><b>3. Ihre Rechte als betroffene Person<\/b><br \/>Sie haben gegen\u00fcber uns folgende Rechte hinsichtlich der Sie betreffenden personenbezogenen Daten:<br \/>&#8211; Widerruf der Einwilligung <br \/>&#8211; Auskunft;<br \/>&#8211; Berichtigung;<br \/>&#8211; L\u00f6schung; <br \/>&#8211; Einschr\u00e4nkung der Verarbeitung;<br \/>&#8211; Recht auf \u00dcbertragbarkeit der Daten; <br \/>&#8211; Beschwerde bei einer Aufsichtsbeh\u00f6rde;<br \/>Sie haben zudem das Recht, sich bei einer Datenschutz-Aufsichtsbeh\u00f6rde \u00fcber die Verarbeitung Ihrer personenbezogenen Daten durch uns zu beschweren<\/p>\n<p><b>4. Datensicherheit<\/b><br \/>Innerhalb des Besuches dieser Webseite wird das SSL-Verfahren (Secure Socket Layer) in Verbindung mit der jeweils &#8211; vom Nutzer eingesetzten Browser \u2013 h\u00f6chsten unterst\u00fctzten Verschl\u00fcsselungsstufe. Das ist in der Rege eine 256 Bit Verschl\u00fcsselung. Unterst\u00fctz der vom Nutzer eingesetzte Browser keine 256-Bit Verschl\u00fcsselung unterst\u00fctzt, wird auf 128-Bit v3 Technologie zur\u00fcckgegriffen. Die verschl\u00fcsselte \u00dcbertragung einer Seite dieses Internetauftritts erkennt man am Sch\u00fcssel- beziehungsweise Schloss-Symbols in der Statusleiste des Browsers.<br \/>Neben der SSL-Verschl\u00fcsslung werden technisch- und organisatorische Sicherheitsma\u00dfnahmen, zum Schutz der Daten gegen zuf\u00e4llige oder vors\u00e4tzliche Manipulationen, Verlust, Zerst\u00f6rung oder gegen den unbefugten Zugriff Dritter eingesetzt. Diese Sicherheitsma\u00dfnahmen werden entsprechend der technologischen Entwicklung fortlaufend verbessert.<\/p>\n<\/div>\n<p>[\/et_pb_text][\/et_pb_column][\/et_pb_row][\/et_pb_section]<\/p>\n","protected":false},"excerpt":{"rendered":"<p>Datenschutzerkl\u00e4rungDie nachfolgende Datenschutzerkl\u00e4rung gilt f\u00fcr die Nutzung unseres Internetauftritts und informiert Sie als betroffene Person im Sinne des Datenschutzrechts und Nutzer dieses Interauftritts \u00fcber die Verarbeitung personenbezogener Daten. Personenbezogene Daten sind Einzelangaben \u00fcber pers\u00f6nliche oder sachliche Verh\u00e4ltnisse einer bestimmten oder bestimmbaren nat\u00fcrlichen Person. &nbsp; F\u00f6rderkreis Kunst &amp; Kultur Hilzingen e.V.Gesch\u00e4ftsf\u00fchrer Markus WeberHauptstr. 36 78247 Hilzingen\u00a0 [&hellip;]<\/p>\n","protected":false},"author":2,"featured_media":0,"parent":0,"menu_order":0,"comment_status":"closed","ping_status":"closed","template":"","meta":{"_et_pb_use_builder":"on","_et_pb_old_content":"","_et_gb_content_width":"","footnotes":""},"class_list":["post-263","page","type-page","status-publish","hentry"],"_links":{"self":[{"href":"https:\/\/www.kunstverein-hilzingen.de\/index.php?rest_route=\/wp\/v2\/pages\/263","targetHints":{"allow":["GET"]}}],"collection":[{"href":"https:\/\/www.kunstverein-hilzingen.de\/index.php?rest_route=\/wp\/v2\/pages"}],"about":[{"href":"https:\/\/www.kunstverein-hilzingen.de\/index.php?rest_route=\/wp\/v2\/types\/page"}],"author":[{"embeddable":true,"href":"https:\/\/www.kunstverein-hilzingen.de\/index.php?rest_route=\/wp\/v2\/users\/2"}],"replies":[{"embeddable":true,"href":"https:\/\/www.kunstverein-hilzingen.de\/index.php?rest_route=%2Fwp%2Fv2%2Fcomments&post=263"}],"version-history":[{"count":3,"href":"https:\/\/www.kunstverein-hilzingen.de\/index.php?rest_route=\/wp\/v2\/pages\/263\/revisions"}],"predecessor-version":[{"id":267,"href":"https:\/\/www.kunstverein-hilzingen.de\/index.php?rest_route=\/wp\/v2\/pages\/263\/revisions\/267"}],"wp:attachment":[{"href":"https:\/\/www.kunstverein-hilzingen.de\/index.php?rest_route=%2Fwp%2Fv2%2Fmedia&parent=263"}],"curies":[{"name":"wp","href":"https:\/\/api.w.org\/{rel}","templated":true}]}}